{"id":1243,"date":"2016-05-25T21:48:58","date_gmt":"2016-05-25T21:48:58","guid":{"rendered":"http:\/\/www.salesianos-tulua.edu.co\/sjb\/?page_id=1243"},"modified":"2024-04-30T11:48:06","modified_gmt":"2024-04-30T16:48:06","slug":"horario-de-atencion","status":"publish","type":"page","link":"https:\/\/www.salesianos-tulua.edu.co\/sjb\/pagina-ejemplo\/horario-de-atencion\/","title":{"rendered":"Horario de Atenci\u00f3n"},"content":{"rendered":"\t\t<div data-elementor-type=\"wp-page\" data-elementor-id=\"1243\" class=\"elementor elementor-1243\" data-elementor-post-type=\"page\">\n\t\t\t\t<div class=\"elementor-element elementor-element-85630c9 e-flex e-con-boxed e-con e-parent\" data-id=\"85630c9\" data-element_type=\"container\" data-e-type=\"container\">\n\t\t\t\t\t<div class=\"e-con-inner\">\n\t\t\t\t<div class=\"elementor-element elementor-element-29d028b elementor-widget elementor-widget-text-editor\" data-id=\"29d028b\" data-element_type=\"widget\" data-e-type=\"widget\" data-widget_type=\"text-editor.default\">\n\t\t\t\t<div class=\"elementor-widget-container\">\n\t\t\t\t\t\t\t\t\t<p align=\"justify\">Estimados padres de familia, les estamos publicando el horario de atenci\u00f3n por parte de nuestro equipo docente; les agradecemos tener presente lo que dice el Manual de Convivencia al respecto:\n<\/p><p>\n<strong>Art\u00edculo 18:<\/strong> Los padres de familia tienen el derecho a ser atendidos en el horario establecido por el Colegio en las dependencias de \u00e9ste, previo acuerdo de cita.<\/p><p>\n\n<strong>Anotaci\u00f3n:<\/strong> es claro que los docentes est\u00e1n disponibles para atender a los padres de familia en el horario estipulado, previo acuerdo de cita, sea que esta sea solicitada por el mismo padre de familia o directamente por el docente. Si un padre de familia se presenta de improviso, es decir, sin cita previa, debidamente acordada a trav\u00e9s de los canales dispuestos, lo m\u00e1s probable es que el profesor requerido no pueda atenderle, por tanto, le recomendamos solicitarla siempre con anticipaci\u00f3n.\n<\/p><p>\n<strong>Art\u00edculo 19, numeral 26:<\/strong> Anunciarse en la Recepci\u00f3n del Colegio cuando requiera ser atendido por directivos o profesores, para lo cual le ser\u00e1 asignada la cita correspondiente.\n<\/p><p>\n<strong>Anotaci\u00f3n:<\/strong> Si usted se acerca al colegio para requerir a un docente o directivo, el recepcionista anotar\u00e1 su solicitud de cita y su n\u00famero de contacto; en el caso de que la persona solicitada no pueda atenderle inmediatamente, el colegio estar\u00e1 comunic\u00e1ndose con usted lo m\u00e1s pronto posible para acordar el d\u00eda y la hora en que le ser\u00e1 asignada la cita solicitada.<\/p>\t\t\t\t\t\t\t\t<\/div>\n\t\t\t\t<\/div>\n\t\t\t\t\t<\/div>\n\t\t\t\t<\/div>\n\t\t<div class=\"elementor-element elementor-element-8099d87 e-con-full e-flex e-con e-parent\" data-id=\"8099d87\" data-element_type=\"container\" data-e-type=\"container\">\n\t\t\t\t<div class=\"elementor-element elementor-element-70addcf elementor-widget elementor-widget-image\" data-id=\"70addcf\" data-element_type=\"widget\" data-e-type=\"widget\" data-widget_type=\"image.default\">\n\t\t\t\t<div class=\"elementor-widget-container\">\n\t\t\t\t\t\t\t\t\t\t\t\t\t\t\t<img fetchpriority=\"high\" decoding=\"async\" width=\"1045\" height=\"507\" src=\"https:\/\/www.salesianos-tulua.edu.co\/sjb\/wp-content\/uploads\/2024\/04\/1.jpg\" class=\"attachment-full size-full wp-image-9480\" alt=\"\" srcset=\"https:\/\/www.salesianos-tulua.edu.co\/sjb\/wp-content\/uploads\/2024\/04\/1.jpg 1045w, https:\/\/www.salesianos-tulua.edu.co\/sjb\/wp-content\/uploads\/2024\/04\/1-300x146.jpg 300w, https:\/\/www.salesianos-tulua.edu.co\/sjb\/wp-content\/uploads\/2024\/04\/1-1024x497.jpg 1024w, https:\/\/www.salesianos-tulua.edu.co\/sjb\/wp-content\/uploads\/2024\/04\/1-768x373.jpg 768w\" sizes=\"(max-width: 1045px) 100vw, 1045px\" \/>\t\t\t\t\t\t\t\t\t\t\t\t\t\t\t<\/div>\n\t\t\t\t<\/div>\n\t\t\t\t<\/div>\n\t\t\t\t<\/div>\n\t\t","protected":false},"excerpt":{"rendered":"<p>Estimados padres de familia, les estamos publicando el horario de atenci\u00f3n por parte de nuestro equipo docente; les agradecemos tener presente lo que dice el Manual de Convivencia al respecto:&hellip;<\/p>\n","protected":false},"author":1,"featured_media":0,"parent":2,"menu_order":0,"comment_status":"closed","ping_status":"closed","template":"","meta":{"footnotes":""},"class_list":["post-1243","page","type-page","status-publish","hentry"],"_links":{"self":[{"href":"https:\/\/www.salesianos-tulua.edu.co\/sjb\/wp-json\/wp\/v2\/pages\/1243","targetHints":{"allow":["GET"]}}],"collection":[{"href":"https:\/\/www.salesianos-tulua.edu.co\/sjb\/wp-json\/wp\/v2\/pages"}],"about":[{"href":"https:\/\/www.salesianos-tulua.edu.co\/sjb\/wp-json\/wp\/v2\/types\/page"}],"author":[{"embeddable":true,"href":"https:\/\/www.salesianos-tulua.edu.co\/sjb\/wp-json\/wp\/v2\/users\/1"}],"replies":[{"embeddable":true,"href":"https:\/\/www.salesianos-tulua.edu.co\/sjb\/wp-json\/wp\/v2\/comments?post=1243"}],"version-history":[{"count":31,"href":"https:\/\/www.salesianos-tulua.edu.co\/sjb\/wp-json\/wp\/v2\/pages\/1243\/revisions"}],"predecessor-version":[{"id":9483,"href":"https:\/\/www.salesianos-tulua.edu.co\/sjb\/wp-json\/wp\/v2\/pages\/1243\/revisions\/9483"}],"up":[{"embeddable":true,"href":"https:\/\/www.salesianos-tulua.edu.co\/sjb\/wp-json\/wp\/v2\/pages\/2"}],"wp:attachment":[{"href":"https:\/\/www.salesianos-tulua.edu.co\/sjb\/wp-json\/wp\/v2\/media?parent=1243"}],"curies":[{"name":"wp","href":"https:\/\/api.w.org\/{rel}","templated":true}]}}