{"id":2814,"date":"2017-07-28T14:07:28","date_gmt":"2017-07-28T19:07:28","guid":{"rendered":"http:\/\/www.salesianos-tulua.edu.co\/sjb\/?page_id=2814"},"modified":"2025-10-08T13:55:52","modified_gmt":"2025-10-08T18:55:52","slug":"escuela-de-padres","status":"publish","type":"page","link":"https:\/\/www.salesianos-tulua.edu.co\/sjb\/pagina-ejemplo\/escuela-de-padres\/","title":{"rendered":"Bienestar Estudiantil"},"content":{"rendered":"\t\t<div data-elementor-type=\"wp-page\" data-elementor-id=\"2814\" class=\"elementor elementor-2814\" data-elementor-post-type=\"page\">\n\t\t\t\t\t\t<section class=\"elementor-section elementor-top-section elementor-element elementor-element-20d53fae elementor-section-content-middle elementor-section-boxed elementor-section-height-default elementor-section-height-default\" data-id=\"20d53fae\" data-element_type=\"section\" data-e-type=\"section\" data-settings=\"{&quot;background_background&quot;:&quot;classic&quot;}\">\n\t\t\t\t\t\t\t<div class=\"elementor-background-overlay\"><\/div>\n\t\t\t\t\t\t\t<div class=\"elementor-container elementor-column-gap-default\">\n\t\t\t\t\t<div class=\"elementor-column elementor-col-50 elementor-top-column elementor-element elementor-element-6952049f\" data-id=\"6952049f\" data-element_type=\"column\" data-e-type=\"column\">\n\t\t\t<div class=\"elementor-widget-wrap elementor-element-populated\">\n\t\t\t\t\t\t<div class=\"elementor-element elementor-element-3a76c3fc elementor-widget elementor-widget-heading\" data-id=\"3a76c3fc\" data-element_type=\"widget\" data-e-type=\"widget\" data-widget_type=\"heading.default\">\n\t\t\t\t<div class=\"elementor-widget-container\">\n\t\t\t\t\t<h2 class=\"elementor-heading-title elementor-size-default\">\"Juntos construyendo ambientes seguros\"\u200b<\/h2>\t\t\t\t<\/div>\n\t\t\t\t<\/div>\n\t\t\t\t\t<\/div>\n\t\t<\/div>\n\t\t\t\t<div class=\"elementor-column elementor-col-50 elementor-top-column elementor-element elementor-element-33dd2033\" data-id=\"33dd2033\" data-element_type=\"column\" data-e-type=\"column\">\n\t\t\t<div class=\"elementor-widget-wrap elementor-element-populated\">\n\t\t\t\t\t\t<div class=\"elementor-element elementor-element-afa5e31 elementor-widget elementor-widget-n-accordion\" data-id=\"afa5e31\" data-element_type=\"widget\" data-e-type=\"widget\" data-settings=\"{&quot;default_state&quot;:&quot;all_collapsed&quot;,&quot;max_items_expended&quot;:&quot;one&quot;,&quot;n_accordion_animation_duration&quot;:{&quot;unit&quot;:&quot;ms&quot;,&quot;size&quot;:400,&quot;sizes&quot;:[]}}\" data-widget_type=\"nested-accordion.default\">\n\t\t\t\t<div class=\"elementor-widget-container\">\n\t\t\t\t\t\t\t<div class=\"e-n-accordion\" aria-label=\"Accordion. Open links with Enter or Space, close with Escape, and navigate with Arrow Keys\">\n\t\t\t\t\t\t<details id=\"e-n-accordion-item-1840\" class=\"e-n-accordion-item\" >\n\t\t\t\t<summary class=\"e-n-accordion-item-title\" data-accordion-index=\"1\" tabindex=\"0\" aria-expanded=\"false\" aria-controls=\"e-n-accordion-item-1840\" >\n\t\t\t\t\t<span class='e-n-accordion-item-title-header'><div class=\"e-n-accordion-item-title-text\"> Psicolog\u00eda <\/div><\/span>\n\t\t\t\t\t\t\t<span class='e-n-accordion-item-title-icon'>\n\t\t\t<span class='e-opened' ><svg aria-hidden=\"true\" class=\"e-font-icon-svg e-fas-minus\" viewBox=\"0 0 448 512\" xmlns=\"http:\/\/www.w3.org\/2000\/svg\"><path d=\"M416 208H32c-17.67 0-32 14.33-32 32v32c0 17.67 14.33 32 32 32h384c17.67 0 32-14.33 32-32v-32c0-17.67-14.33-32-32-32z\"><\/path><\/svg><\/span>\n\t\t\t<span class='e-closed'><svg aria-hidden=\"true\" class=\"e-font-icon-svg e-fas-plus\" viewBox=\"0 0 448 512\" xmlns=\"http:\/\/www.w3.org\/2000\/svg\"><path d=\"M416 208H272V64c0-17.67-14.33-32-32-32h-32c-17.67 0-32 14.33-32 32v144H32c-17.67 0-32 14.33-32 32v32c0 17.67 14.33 32 32 32h144v144c0 17.67 14.33 32 32 32h32c17.67 0 32-14.33 32-32V304h144c17.67 0 32-14.33 32-32v-32c0-17.67-14.33-32-32-32z\"><\/path><\/svg><\/span>\n\t\t<\/span>\n\n\t\t\t\t\t\t<\/summary>\n\t\t\t\t<div role=\"region\" aria-labelledby=\"e-n-accordion-item-1840\" class=\"elementor-element elementor-element-6f81072 e-con-full e-flex e-con e-child\" data-id=\"6f81072\" data-element_type=\"container\" data-e-type=\"container\">\n\t\t\t\t<div class=\"elementor-element elementor-element-87c8530 elementor-widget elementor-widget-text-editor\" data-id=\"87c8530\" data-element_type=\"widget\" data-e-type=\"widget\" data-widget_type=\"text-editor.default\">\n\t\t\t\t<div class=\"elementor-widget-container\">\n\t\t\t\t\t\t\t\t\t<p style=\"text-align: center;\">\u00bfDe qu\u00e9 se trata?<\/p><p>Sub proceso que se encarga de brindar servicios de soporte a la formaci\u00f3n integral de los estudiantes. Entre estos, orientaci\u00f3n psicol\u00f3gica escolar, procesos de inclusi\u00f3n y desarrollo escolar, primeros auxilios, procesos de admisi\u00f3n, lidera proyectos transversales; e interviene y acompa\u00f1a de manera transversal a todos los dem\u00e1s procesos del Colegio.<\/p><p style=\"text-align: center;\">Proyectos que lidera.<\/p><table width=\"525\"><tbody><tr><td width=\"525\">Proyecto de educaci\u00f3n para la sexualidad y la construcci\u00f3n de ciudadan\u00eda PESCC\u00a0<\/td><\/tr><tr><td>Proyecto vocacional y profesional (Proyecto de vida)\u00a0<\/td><\/tr><tr><td>Proyecto de prevenci\u00f3n del consumo de SPA y otros consumos de riesgo\u00a0<\/td><\/tr><tr><td>Proyecto de escuela de familias\u00a0<\/td><\/tr><tr><td>Proyecto de educaci\u00f3n socioemocional\u00a0<\/td><\/tr><tr><td>Proyecto de ambientes seguros\u00a0<\/td><\/tr><\/tbody><\/table><p style=\"text-align: center;\">Acompa\u00f1a los procesos de:<\/p><table width=\"525\"><tbody><tr><td width=\"525\">Comit\u00e9 de Convivencia Escolar\u00a0<\/td><\/tr><tr><td>Comit\u00e9 de supervisi\u00f3n a la tienda escolar\u00a0<\/td><\/tr><tr><td>Pastoral\u00a0<\/td><\/tr><tr><td>Convivencias escolares\u00a0\u00a0<\/td><\/tr><tr><td>Convivencias de padres\u00a0<\/td><\/tr><tr><td>Formaciones conjuntas\u00a0<\/td><\/tr><tr><td>Entrega de informes de calificaciones del periodo\u00a0<\/td><\/tr><tr><td>Estudio de caso por mes\u00a0<\/td><\/tr><tr><td>Comit\u00e9 de inclusi\u00f3n\u00a0<\/td><\/tr><tr><td>Admisiones\u00a0<\/td><\/tr><tr><td><p>Encuesta de egresados<\/p><\/td><\/tr><\/tbody><\/table><p style=\"text-align: center;\">Procede en algunos casos en conjunto con:\u00a0<\/p><table width=\"525\"><tbody><tr><td width=\"525\">Coordinaci\u00f3n de convivencia\u00a0<\/td><\/tr><tr><td>Rector\u00eda\u00a0<\/td><\/tr><tr><td>Coordinaci\u00f3n acad\u00e9mica\u00a0<\/td><\/tr><tr><td>Secretar\u00eda acad\u00e9mica\u00a0<\/td><\/tr><tr><td>Gesti\u00f3n Humana\u00a0<\/td><\/tr><tr><td>Coordinaci\u00f3n de pastoral\u00a0<\/td><\/tr><\/tbody><\/table>\t\t\t\t\t\t\t\t<\/div>\n\t\t\t\t<\/div>\n\t\t\t\t<\/div>\n\t\t\t\t\t<\/details>\n\t\t\t\t\t<\/div>\n\t\t\t\t\t\t<\/div>\n\t\t\t\t<\/div>\n\t\t\t\t\t<\/div>\n\t\t<\/div>\n\t\t\t\t\t<\/div>\n\t\t<\/section>\n\t\t<div class=\"elementor-element elementor-element-1eb3179 e-flex e-con-boxed e-con e-parent\" data-id=\"1eb3179\" data-element_type=\"container\" data-e-type=\"container\">\n\t\t\t\t\t<div class=\"e-con-inner\">\n\t\t\t\t<div class=\"elementor-element elementor-element-07b05c5 elementor-align-justify elementor-widget elementor-widget-button\" data-id=\"07b05c5\" data-element_type=\"widget\" data-e-type=\"widget\" data-widget_type=\"button.default\">\n\t\t\t\t<div class=\"elementor-widget-container\">\n\t\t\t\t\t\t\t\t\t<div class=\"elementor-button-wrapper\">\n\t\t\t\t\t<a class=\"elementor-button elementor-button-link elementor-size-sm\" href=\"https:\/\/www.salesianos-tulua.edu.co\/sjb\/wp-content\/uploads\/2025\/10\/CONSEJOS-PARA-PADRES-SOBRE-SEGURIDAD-DIGITAL-PARA-SUS-HIJOS.pdf\" target=\"_blank\">\n\t\t\t\t\t\t<span class=\"elementor-button-content-wrapper\">\n\t\t\t\t\t\t<span class=\"elementor-button-icon\">\n\t\t\t\t<svg aria-hidden=\"true\" class=\"e-font-icon-svg e-far-file\" viewBox=\"0 0 384 512\" xmlns=\"http:\/\/www.w3.org\/2000\/svg\"><path d=\"M369.9 97.9L286 14C277 5 264.8-.1 252.1-.1H48C21.5 0 0 21.5 0 48v416c0 26.5 21.5 48 48 48h288c26.5 0 48-21.5 48-48V131.9c0-12.7-5.1-25-14.1-34zM332.1 128H256V51.9l76.1 76.1zM48 464V48h160v104c0 13.3 10.7 24 24 24h104v288H48z\"><\/path><\/svg>\t\t\t<\/span>\n\t\t\t\t\t\t\t\t\t<span class=\"elementor-button-text\">CONSEJOS PARA PADRES SOBRE SEGURIDAD DIGITAL PARA SUS HIJOS<\/span>\n\t\t\t\t\t<\/span>\n\t\t\t\t\t<\/a>\n\t\t\t\t<\/div>\n\t\t\t\t\t\t\t\t<\/div>\n\t\t\t\t<\/div>\n\t\t\t\t\t<\/div>\n\t\t\t\t<\/div>\n\t\t\t\t<\/div>\n\t\t","protected":false},"excerpt":{"rendered":"<p>&#8220;Juntos construyendo ambientes seguros&#8221;\u200b Psicolog\u00eda \u00bfDe qu\u00e9 se trata? Sub proceso que se encarga de brindar servicios de soporte a la formaci\u00f3n integral de los estudiantes. Entre estos, orientaci\u00f3n psicol\u00f3gica&hellip;<\/p>\n","protected":false},"author":1,"featured_media":0,"parent":2,"menu_order":0,"comment_status":"closed","ping_status":"closed","template":"","meta":{"footnotes":""},"class_list":["post-2814","page","type-page","status-publish","hentry"],"_links":{"self":[{"href":"https:\/\/www.salesianos-tulua.edu.co\/sjb\/wp-json\/wp\/v2\/pages\/2814","targetHints":{"allow":["GET"]}}],"collection":[{"href":"https:\/\/www.salesianos-tulua.edu.co\/sjb\/wp-json\/wp\/v2\/pages"}],"about":[{"href":"https:\/\/www.salesianos-tulua.edu.co\/sjb\/wp-json\/wp\/v2\/types\/page"}],"author":[{"embeddable":true,"href":"https:\/\/www.salesianos-tulua.edu.co\/sjb\/wp-json\/wp\/v2\/users\/1"}],"replies":[{"embeddable":true,"href":"https:\/\/www.salesianos-tulua.edu.co\/sjb\/wp-json\/wp\/v2\/comments?post=2814"}],"version-history":[{"count":100,"href":"https:\/\/www.salesianos-tulua.edu.co\/sjb\/wp-json\/wp\/v2\/pages\/2814\/revisions"}],"predecessor-version":[{"id":10938,"href":"https:\/\/www.salesianos-tulua.edu.co\/sjb\/wp-json\/wp\/v2\/pages\/2814\/revisions\/10938"}],"up":[{"embeddable":true,"href":"https:\/\/www.salesianos-tulua.edu.co\/sjb\/wp-json\/wp\/v2\/pages\/2"}],"wp:attachment":[{"href":"https:\/\/www.salesianos-tulua.edu.co\/sjb\/wp-json\/wp\/v2\/media?parent=2814"}],"curies":[{"name":"wp","href":"https:\/\/api.w.org\/{rel}","templated":true}]}}