{"id":48,"date":"2015-03-23T15:02:23","date_gmt":"2015-03-23T15:02:23","guid":{"rendered":"http:\/\/www.salesianos-tulua.edu.co\/sjb\/?page_id=48"},"modified":"2020-09-09T14:58:32","modified_gmt":"2020-09-09T19:58:32","slug":"propuesta-educativa","status":"publish","type":"page","link":"https:\/\/www.salesianos-tulua.edu.co\/sjb\/pagina-ejemplo\/propuesta-educativa\/","title":{"rendered":"Propuesta Educativa"},"content":{"rendered":"<p style=\"text-align: justify;\"><span style=\"color: #000000;\">San Juan Bosco fue un educador excepcional. Su inteligencia aguda, su sentido com\u00fan y su profunda espiritualidad le llevaron a crear un sistema de educaci\u00f3n capaz de desarrollar la persona en su totalidad \u2013 cuerpo, coraz\u00f3n, mente y esp\u00edritu. Valora en su justo punto el crecimiento y en la libertad mientras coloca al ni\u00f1o en el centro mismo de toda la empresa educativa.<\/span><\/p>\n<p style=\"text-align: justify;\"><span style=\"color: #000000;\">A fin de distinguir su m\u00e9todo del sistema educativo de represi\u00f3n vigente en Italia en el siglo XIX, dio a su nuevo m\u00e9todo el nombre de sistema \u201cpreventivo\u201d \u2013 porque busca la manera de prevenir la necesidad del castigo poniendo al ni\u00f1o en un entorno en el cual \u00e9l\/ella se ve capaz de ser lo mejor que uno puede ser. Es una manera agradable, amable e integral de abordar la educaci\u00f3n.<\/span><\/p>\n<p style=\"text-align: justify;\"><span style=\"color: #000000;\">Crea un clima capaz de hacer salir de dentro (educere) lo mejor de cada ni\u00f1o, que le predispone a mostrarse claramente tal como es, que ayuda al joven en la adquisici\u00f3n de h\u00e1bitos que le permitir\u00e1n optar por todo lo que en la vida es bueno, saludable, alegre y prometedor.<\/span><\/p>\n","protected":false},"excerpt":{"rendered":"<p>San Juan Bosco fue un educador excepcional. Su inteligencia aguda, su sentido com\u00fan y su profunda espiritualidad le llevaron a crear un sistema de educaci\u00f3n capaz de desarrollar la persona&hellip;<\/p>\n","protected":false},"author":1,"featured_media":0,"parent":2,"menu_order":0,"comment_status":"closed","ping_status":"closed","template":"template\/fullwidth.php","meta":{"footnotes":""},"class_list":["post-48","page","type-page","status-publish","hentry"],"_links":{"self":[{"href":"https:\/\/www.salesianos-tulua.edu.co\/sjb\/wp-json\/wp\/v2\/pages\/48","targetHints":{"allow":["GET"]}}],"collection":[{"href":"https:\/\/www.salesianos-tulua.edu.co\/sjb\/wp-json\/wp\/v2\/pages"}],"about":[{"href":"https:\/\/www.salesianos-tulua.edu.co\/sjb\/wp-json\/wp\/v2\/types\/page"}],"author":[{"embeddable":true,"href":"https:\/\/www.salesianos-tulua.edu.co\/sjb\/wp-json\/wp\/v2\/users\/1"}],"replies":[{"embeddable":true,"href":"https:\/\/www.salesianos-tulua.edu.co\/sjb\/wp-json\/wp\/v2\/comments?post=48"}],"version-history":[{"count":5,"href":"https:\/\/www.salesianos-tulua.edu.co\/sjb\/wp-json\/wp\/v2\/pages\/48\/revisions"}],"predecessor-version":[{"id":2522,"href":"https:\/\/www.salesianos-tulua.edu.co\/sjb\/wp-json\/wp\/v2\/pages\/48\/revisions\/2522"}],"up":[{"embeddable":true,"href":"https:\/\/www.salesianos-tulua.edu.co\/sjb\/wp-json\/wp\/v2\/pages\/2"}],"wp:attachment":[{"href":"https:\/\/www.salesianos-tulua.edu.co\/sjb\/wp-json\/wp\/v2\/media?parent=48"}],"curies":[{"name":"wp","href":"https:\/\/api.w.org\/{rel}","templated":true}]}}